

{"id":721,"date":"2019-07-05T17:14:49","date_gmt":"2019-07-05T20:14:49","guid":{"rendered":"http:\/\/januspergher.com.br\/?page_id=721"},"modified":"2024-10-09T12:34:05","modified_gmt":"2024-10-09T15:34:05","slug":"gerador-de-oxigenio","status":"publish","type":"page","link":"https:\/\/www.januspergher.com.br\/index.php\/gerador-de-oxigenio\/","title":{"rendered":"Gerador de Oxig\u00eanio"},"content":{"rendered":"<p>[vc_row][vc_column css=&#8221;.vc_custom_1562355293177{padding-top: 15px !important;padding-right: 15px !important;padding-bottom: 15px !important;padding-left: 15px !important;background-color: #ffffff !important;}&#8221;][vc_empty_space][vc_row_inner equal_height=&#8221;yes&#8221;][vc_column_inner width=&#8221;1\/2&#8243;][vc_single_image image=&#8221;1795&#8243; img_size=&#8221;full&#8221; onclick=&#8221;link_image&#8221;][vc_custom_heading text=&#8221;Gerador de Oxig\u00eanio &#8211; JPO&#8221; font_container=&#8221;tag:h4|font_size:17|text_align:left&#8221; use_theme_fonts=&#8221;yes&#8221;][vc_column_text el_class=&#8221;blococomposicaon2&#8243; css=&#8221;.vc_custom_1591282465108{padding-top: 15px !important;padding-right: 15px !important;padding-bottom: 15px !important;padding-left: 15px !important;}&#8221;]Os Geradores de Oxig\u00eanio JPO s\u00e3o projetados para gerar oxig\u00eanio medicinal independentemente das condi\u00e7\u00f5es ambientais. Seu funcionamento \u00e9 atrav\u00e9s da tecnologia de P.S.A. em uso no Brasil h\u00e1 mais de 25 anos, podendo ser instalados em pequenos espa\u00e7os, consumindo em m\u00e9dia 1.9 kWh\/Nm\u00b3 gerado, viabilizando assim sua instala\u00e7\u00e3o para hospitais e empresas de todos os portes.<\/p>\n<p>Em complemento ao sistema de gera\u00e7\u00e3o de oxig\u00eanio fornecemos tamb\u00e9m Centrais de Ar Comprimido e V\u00e1cuo Medicinal.<\/p>\n<p>Torna-se a solu\u00e7\u00e3o mais econ\u00f4mica e vi\u00e1vel para eliminar as constantes despesas e preocupa\u00e7\u00f5es log\u00edsticas com a compra de oxig\u00eanio.<\/p>\n<p>Disponibilizados em 14 modelos com capacidades distintas, atendem todos os portes de hospitais com excelente viabilidade econ\u00f4mica.[\/vc_column_text][vc_empty_space]<div class=\"wpforms-container wpforms-container-full cotao-purificadores\" id=\"wpforms-1533\"><form id=\"wpforms-form-1533\" class=\"wpforms-validate wpforms-form\" data-formid=\"1533\" method=\"post\" enctype=\"multipart\/form-data\" action=\"\/index.php\/wp-json\/wp\/v2\/pages\/721\" data-token=\"047c2d84a87f668f7fde0a055a1c1ca3\" data-token-time=\"1777382829\"><div class=\"wpforms-head-container\"><div class=\"wpforms-title\">Cota\u00e7\u00e3o Gerador de Oxig\u00eanio<\/div><\/div><noscript class=\"wpforms-error-noscript\">Ative o JavaScript no seu navegador para preencher este formul\u00e1rio.<\/noscript><div class=\"wpforms-field-container\"><div id=\"wpforms-1533-field_5-container\" class=\"wpforms-field wpforms-field-email\" data-field-id=\"5\"><label class=\"wpforms-field-label\" for=\"wpforms-1533-field_5\">E-mail <span class=\"wpforms-required-label\">*<\/span><\/label><input type=\"email\" id=\"wpforms-1533-field_5\" class=\"wpforms-field-large wpforms-field-required\" name=\"wpforms[fields][5]\" spellcheck=\"false\" required><\/div><div id=\"wpforms-1533-field_2-container\" class=\"wpforms-field wpforms-field-text\" data-field-id=\"2\"><label class=\"wpforms-field-label\" for=\"wpforms-1533-field_2\">Nome <span class=\"wpforms-required-label\">*<\/span><\/label><input type=\"text\" id=\"wpforms-1533-field_2\" class=\"wpforms-field-large wpforms-field-required\" name=\"wpforms[fields][2]\" required><\/div><div id=\"wpforms-1533-field_3-container\" class=\"wpforms-field wpforms-field-text\" data-field-id=\"3\"><label class=\"wpforms-field-label\" for=\"wpforms-1533-field_3\">Empresa <span class=\"wpforms-required-label\">*<\/span><\/label><input type=\"text\" id=\"wpforms-1533-field_3\" class=\"wpforms-field-large wpforms-field-required\" name=\"wpforms[fields][3]\" required><\/div><div id=\"wpforms-1533-field_4-container\" class=\"wpforms-field wpforms-field-number\" data-field-id=\"4\"><label class=\"wpforms-field-label\" for=\"wpforms-1533-field_4\">Telefone com DDD <span class=\"wpforms-required-label\">*<\/span><\/label><input type=\"number\" id=\"wpforms-1533-field_4\" class=\"wpforms-field-large wpforms-field-required\" name=\"wpforms[fields][4]\" step=\"any\" required><\/div><div id=\"wpforms-1533-field_8-container\" class=\"wpforms-field wpforms-field-text\" data-field-id=\"8\"><label class=\"wpforms-field-label\" for=\"wpforms-1533-field_8\">Qual o consumo de Oxig\u00eanio na empresa?<\/label><input type=\"text\" id=\"wpforms-1533-field_8\" class=\"wpforms-field-large\" name=\"wpforms[fields][8]\" ><\/div><div id=\"wpforms-1533-field_7-container\" class=\"wpforms-field wpforms-field-text\" data-field-id=\"7\"><label class=\"wpforms-field-label\" for=\"wpforms-1533-field_7\">Qual o regime de trabalho (horas por dia e dias por semana)?<\/label><input type=\"text\" id=\"wpforms-1533-field_7\" class=\"wpforms-field-large\" name=\"wpforms[fields][7]\" ><\/div><div id=\"wpforms-1533-field_6-container\" class=\"wpforms-field wpforms-field-text\" data-field-id=\"6\"><label class=\"wpforms-field-label\" for=\"wpforms-1533-field_6\">Existe algum pico de consumo? Se sim, em que hor\u00e1rio ele ocorre?<\/label><input type=\"text\" id=\"wpforms-1533-field_6\" class=\"wpforms-field-large\" name=\"wpforms[fields][6]\" ><\/div><div id=\"wpforms-1533-field_10-container\" class=\"wpforms-field wpforms-field-text\" data-field-id=\"10\"><label class=\"wpforms-field-label\" for=\"wpforms-1533-field_10\">Qual a press\u00e3o da linha de Oxig\u00eanio?<\/label><input type=\"text\" id=\"wpforms-1533-field_10\" class=\"wpforms-field-large\" name=\"wpforms[fields][10]\" ><\/div><div id=\"wpforms-1533-field_11-container\" class=\"wpforms-field wpforms-field-text\" data-field-id=\"11\"><label class=\"wpforms-field-label\" for=\"wpforms-1533-field_11\">Qual o pre\u00e7o pago atualmente pelo m\u00b3 de g\u00e1s?<\/label><input type=\"text\" id=\"wpforms-1533-field_11\" class=\"wpforms-field-large\" name=\"wpforms[fields][11]\" ><\/div><div id=\"wpforms-1533-field_12-container\" class=\"wpforms-field wpforms-field-text\" data-field-id=\"12\"><label class=\"wpforms-field-label\" for=\"wpforms-1533-field_12\">Qual o valor pago pelo kWh de energia?<\/label><input type=\"text\" id=\"wpforms-1533-field_12\" class=\"wpforms-field-large\" name=\"wpforms[fields][12]\" ><\/div><\/div><!-- .wpforms-field-container --><div class=\"wpforms-submit-container\" ><input type=\"hidden\" name=\"wpforms[id]\" value=\"1533\"><input type=\"hidden\" name=\"page_title\" value=\"\"><input type=\"hidden\" name=\"page_url\" value=\"https:\/\/www.januspergher.com.br\/index.php\/wp-json\/wp\/v2\/pages\/721\"><input type=\"hidden\" name=\"url_referer\" value=\"\"><button type=\"submit\" name=\"wpforms[submit]\" id=\"wpforms-submit-1533\" class=\"wpforms-submit cotao-purificadores-botao\" data-alt-text=\"enviando...\" data-submit-text=\"enviar\" aria-live=\"assertive\" value=\"wpforms-submit\">enviar<\/button><\/div><\/form><\/div>  <!-- .wpforms-container -->[vc_empty_space][\/vc_column_inner][vc_column_inner width=&#8221;1\/2&#8243;][vc_custom_heading text=&#8221;Composi\u00e7\u00e3o do equipamento:&#8221; font_container=&#8221;tag:h4|font_size:17|text_align:left&#8221; use_theme_fonts=&#8221;yes&#8221;]<div class=\"standard-arrow list-divider bullet-top\"><ul>\n<li>Compressor de Ar dimensionado ao consumo<\/li>\n<li>Central de tratamento de ar comprimido medicinal<\/li>\n<li>Secador de ar comprimido por refrigera\u00e7\u00e3o<\/li>\n<li>Adsorvedor de oxig\u00eanio P.S.A.<\/li>\n<li>Analisador de g\u00e1s<\/li>\n<li>Reservat\u00f3rio de O<sub>2.<\/sub><\/li>\n<\/ul>\n<\/div>[vc_empty_space][vc_custom_heading text=&#8221;Vantagens:&#8221; font_container=&#8221;tag:h4|font_size:17|text_align:left&#8221; use_theme_fonts=&#8221;yes&#8221;]<div class=\"standard-arrow list-divider bullet-top\"><ul>\n<li>Partida e parada programadas<\/li>\n<li>Funcionamento totalmente automatizado<\/li>\n<li>R\u00e1pido retorno sobre investimento<\/li>\n<li>Baixo custo de opera\u00e7\u00e3o e manuten\u00e7\u00e3o<\/li>\n<li>F\u00e1cil instala\u00e7\u00e3o e manuten\u00e7\u00e3o<\/li>\n<li>Fabrica\u00e7\u00e3o nacional<\/li>\n<li>Treinamento de pessoal do cliente para manuten\u00e7\u00e3o (opcional)<\/li>\n<li>Garantia de 01 ano e assist\u00eancia t\u00e9cnica em todo o pa\u00eds<\/li>\n<\/ul>\n<\/div>[vc_empty_space][vc_column_text]<\/p>\n<h3 style=\"text-align: center;\">Veja o boletim t\u00e9cnico aqui:<\/h3>\n<p>[\/vc_column_text][vc_btn title=&#8221;Boletim T\u00e9cnico&#8221; color=&#8221;black&#8221; size=&#8221;lg&#8221; align=&#8221;center&#8221; css_animation=&#8221;fadeIn&#8221; link=&#8221;url:http%3A%2F%2Fjanuspergher.com.br%2Fwp-content%2Fuploads%2F2020%2F05%2FGerador-de-Oxig%C3%AAnio-JPO.pdf|title:Gerador%20de%20Oxig%C3%AAnio%20-%20JPO|target:%20_blank|&#8221;][vc_empty_space][vc_media_grid gap=&#8221;0&#8243; grid_id=&#8221;vc_gid:1728487408346-f7faf89b-c5e1-3&#8243; include=&#8221;1795,723,1796,725,1797,1798&#8243;][vc_empty_space][\/vc_column_inner][\/vc_row_inner][\/vc_column][\/vc_row]<\/p>\n","protected":false},"excerpt":{"rendered":"<p>[vc_row][vc_column css=&#8221;.vc_custom_1562355293177{padding-top: 15px !important;padding-right: 15px !important;padding-bottom: 15px !important;padding-left: 15px !important;background-color: #ffffff !important;}&#8221;][vc_empty_space][vc_row_inner equal_height=&#8221;yes&#8221;][vc_column_inner width=&#8221;1\/2&#8243;][vc_single_image image=&#8221;1795&#8243; img_size=&#8221;full&#8221; onclick=&#8221;link_image&#8221;][vc_custom_heading text=&#8221;Gerador de Oxig\u00eanio &#8211; JPO&#8221; font_container=&#8221;tag:h4|font_size:17|text_align:left&#8221; use_theme_fonts=&#8221;yes&#8221;][vc_column_text el_class=&#8221;blococomposicaon2&#8243; css=&#8221;.vc_custom_1591282465108{padding-top: 15px !important;padding-right: 15px !important;padding-bottom: 15px !important;padding-left: 15px !important;}&#8221;]Os Geradores de Oxig\u00eanio JPO s\u00e3o projetados para gerar oxig\u00eanio medicinal independentemente das condi\u00e7\u00f5es ambientais. Seu funcionamento \u00e9 atrav\u00e9s da tecnologia de&hellip;<\/p>\n","protected":false},"author":2,"featured_media":0,"parent":0,"menu_order":10,"comment_status":"closed","ping_status":"closed","template":"template-microsite.php","meta":[],"_links":{"self":[{"href":"https:\/\/www.januspergher.com.br\/index.php\/wp-json\/wp\/v2\/pages\/721"}],"collection":[{"href":"https:\/\/www.januspergher.com.br\/index.php\/wp-json\/wp\/v2\/pages"}],"about":[{"href":"https:\/\/www.januspergher.com.br\/index.php\/wp-json\/wp\/v2\/types\/page"}],"author":[{"embeddable":true,"href":"https:\/\/www.januspergher.com.br\/index.php\/wp-json\/wp\/v2\/users\/2"}],"replies":[{"embeddable":true,"href":"https:\/\/www.januspergher.com.br\/index.php\/wp-json\/wp\/v2\/comments?post=721"}],"version-history":[{"count":20,"href":"https:\/\/www.januspergher.com.br\/index.php\/wp-json\/wp\/v2\/pages\/721\/revisions"}],"predecessor-version":[{"id":1800,"href":"https:\/\/www.januspergher.com.br\/index.php\/wp-json\/wp\/v2\/pages\/721\/revisions\/1800"}],"wp:attachment":[{"href":"https:\/\/www.januspergher.com.br\/index.php\/wp-json\/wp\/v2\/media?parent=721"}],"curies":[{"name":"wp","href":"https:\/\/api.w.org\/{rel}","templated":true}]}}