

{"id":706,"date":"2019-07-05T17:01:26","date_gmt":"2019-07-05T20:01:26","guid":{"rendered":"http:\/\/januspergher.com.br\/?page_id=706"},"modified":"2024-10-07T11:27:28","modified_gmt":"2024-10-07T14:27:28","slug":"gerador-de-nitrogenio","status":"publish","type":"page","link":"https:\/\/www.januspergher.com.br\/index.php\/gerador-de-nitrogenio\/","title":{"rendered":"Gerador de Nitrog\u00eanio"},"content":{"rendered":"<p>[vc_row][vc_column css=&#8221;.vc_custom_1562355293177{padding-top: 15px !important;padding-right: 15px !important;padding-bottom: 15px !important;padding-left: 15px !important;background-color: #ffffff !important;}&#8221;][vc_empty_space][vc_row_inner equal_height=&#8221;yes&#8221;][vc_column_inner width=&#8221;1\/2&#8243;][vc_single_image image=&#8221;1294&#8243; img_size=&#8221;full&#8221; onclick=&#8221;link_image&#8221;][vc_custom_heading text=&#8221;Gerador de Nitrog\u00eanio &#8211; JPN&#8221; font_container=&#8221;tag:h4|font_size:17|text_align:left&#8221; use_theme_fonts=&#8221;yes&#8221;][vc_column_text css=&#8221;.vc_custom_1591281264479{padding-top: 15px !important;padding-right: 15px !important;padding-bottom: 15px !important;padding-left: 15px !important;background-color: #f9f9f9 !important;}&#8221;]O funcionamento \u00e9 baseado na t\u00e9cnica P.S.A (Pressure Swing Adsorption), obtendo nitrog\u00eanio com concentra\u00e7\u00e3o de at\u00e9 99,99% e ponto de orvalho de at\u00e9 -90\u00baC, a partir do ar comprimido, garantindo uma utiliza\u00e7\u00e3o segura e eficiente, dentro das especifica\u00e7\u00f5es exigidas pelo cliente. Os equipamentos podem ser utilizados desde pequenas instala\u00e7\u00f5es at\u00e9 instala\u00e7\u00f5es m\u00f3veis para unidades remotas, montadas sobre carretas, consumindo a partir de apenas 0,5 kWh\/Nm\u00b3 gerado.<\/p>\n<p>A ind\u00fastria metal mec\u00e2nica utiliza o nitrog\u00eanio gasoso para a inertiza\u00e7\u00e3o de fornos de fundi\u00e7\u00e3o, em processos de tratamento t\u00e9rmico e em equipamentos pneum\u00e1ticos de alta precis\u00e3o.<\/p>\n<p>Na Agricultura p\u00f3s-colheita, o gerador de nitrog\u00eanio permite excelentes resultados no armazenamento de gr\u00e3os e frutas e de produtos sujeitos a decomposi\u00e7\u00e3o por respira\u00e7\u00e3o e oxida\u00e7\u00e3o. Tamb\u00e9m inibe processos relacionados a presen\u00e7a de umidade.<\/p>\n<p>J\u00e1 na ind\u00fastria Aliment\u00edcia aplica-se o gerador de nitrog\u00eanio em substitui\u00e7\u00e3o a conservantes, em embaladoras com Atmosfera Modificada, no armazenamento e embalagem de \u00f3leo de soja e outros \u00f3leos, na pressuriza\u00e7\u00e3o de envase de refrigerantes, em micro cervejarias e choperias, sucos e bebidas naturais.<br \/>\nTodas as linhas de geradores s\u00e3o projetados para trabalhar independentemente das condi\u00e7\u00f5es ambientais, com funcionamento totalmente automatizado, assegurando as condi\u00e7\u00f5es de qualidade do g\u00e1s gerado e apresentando m\u00ednima manuten\u00e7\u00e3o.<\/p>\n<p>Produzidos em at\u00e9 14 modelos com capacidades distintas.[\/vc_column_text][vc_empty_space][vc_column_text]<\/p>\n<h3 style=\"text-align: center;\">Veja o boletim t\u00e9cnico aqui:<\/h3>\n<p>[\/vc_column_text][vc_btn title=&#8221;Boletim T\u00e9cnico&#8221; color=&#8221;black&#8221; size=&#8221;lg&#8221; align=&#8221;center&#8221; css_animation=&#8221;fadeIn&#8221; link=&#8221;url:http%3A%2F%2Fjanuspergher.com.br%2Fwp-content%2Fuploads%2F2020%2F05%2FGerador-de-Nitrog%C3%AAnio-JPN-2020.pdf|title:Gerador%20de%20Nitrog%C3%AAnio%20JPN|target:%20_blank|&#8221;][vc_empty_space][vc_empty_space][vc_media_grid element_width=&#8221;3&#8243; gap=&#8221;0&#8243; grid_id=&#8221;vc_gid:1728311227895-d43ca239-7848-6&#8243; include=&#8221;1738,708,709,1739,711,1740,713,1741&#8243;][\/vc_column_inner][vc_column_inner width=&#8221;1\/2&#8243;][vc_custom_heading text=&#8221;Sistema de Gera\u00e7\u00e3o de Nitrog\u00eanio&#8221; font_container=&#8221;tag:h4|font_size:17|text_align:left&#8221; use_theme_fonts=&#8221;yes&#8221;]<div class=\"standard-arrow list-divider bullet-top\"><ul>\n<li>Central de tratamento de ar comprimido<\/li>\n<li>Secador de ar por refrigera\u00e7\u00e3o<\/li>\n<li>Adsorvedor de nitrog\u00eanio P.S.A<\/li>\n<li>Analisador de g\u00e1s<\/li>\n<li>Reservat\u00f3rio de N<sub>2<\/sub>.<\/li>\n<\/ul>\n<\/div>[vc_empty_space][vc_custom_heading text=&#8221;Vantagens:&#8221; font_container=&#8221;tag:h4|font_size:17|text_align:left&#8221; use_theme_fonts=&#8221;yes&#8221;]<div class=\"standard-arrow list-divider bullet-top\"><ul>\n<li>Partida e parada programadas<\/li>\n<li>Funcionamento totalmente automatizado<\/li>\n<li>R\u00e1pido retorno sobre investimento<\/li>\n<li>Baixo custo de opera\u00e7\u00e3o e manuten\u00e7\u00e3o<\/li>\n<li>F\u00e1cil instala\u00e7\u00e3o e manuten\u00e7\u00e3o<\/li>\n<li>Fabrica\u00e7\u00e3o nacional<\/li>\n<li>Treinamento de pessoal do cliente para manuten\u00e7\u00e3o (opcional)<\/li>\n<li>Garantia de 01 ano e assist\u00eancia t\u00e9cnica em todo o pa\u00eds<\/li>\n<\/ul>\n<\/div>[vc_empty_space]<div class=\"wpforms-container wpforms-container-full cotao-purificadores\" id=\"wpforms-1532\"><form id=\"wpforms-form-1532\" class=\"wpforms-validate wpforms-form\" data-formid=\"1532\" method=\"post\" enctype=\"multipart\/form-data\" action=\"\/index.php\/wp-json\/wp\/v2\/pages\/706\" data-token=\"e7d49d3972717d1a9868e4fa31a4625f\" data-token-time=\"1777477711\"><div class=\"wpforms-head-container\"><div class=\"wpforms-title\">Cota\u00e7\u00e3o Gerador de Nitrog\u00eanio<\/div><\/div><noscript class=\"wpforms-error-noscript\">Ative o JavaScript no seu navegador para preencher este formul\u00e1rio.<\/noscript><div class=\"wpforms-field-container\"><div id=\"wpforms-1532-field_5-container\" class=\"wpforms-field wpforms-field-email\" data-field-id=\"5\"><label class=\"wpforms-field-label\" for=\"wpforms-1532-field_5\">E-mail <span class=\"wpforms-required-label\">*<\/span><\/label><input type=\"email\" id=\"wpforms-1532-field_5\" class=\"wpforms-field-large wpforms-field-required\" name=\"wpforms[fields][5]\" spellcheck=\"false\" required><\/div><div id=\"wpforms-1532-field_2-container\" class=\"wpforms-field wpforms-field-text\" data-field-id=\"2\"><label class=\"wpforms-field-label\" for=\"wpforms-1532-field_2\">Nome <span class=\"wpforms-required-label\">*<\/span><\/label><input type=\"text\" id=\"wpforms-1532-field_2\" class=\"wpforms-field-large wpforms-field-required\" name=\"wpforms[fields][2]\" required><\/div><div id=\"wpforms-1532-field_3-container\" class=\"wpforms-field wpforms-field-text\" data-field-id=\"3\"><label class=\"wpforms-field-label\" for=\"wpforms-1532-field_3\">Empresa <span class=\"wpforms-required-label\">*<\/span><\/label><input type=\"text\" id=\"wpforms-1532-field_3\" class=\"wpforms-field-large wpforms-field-required\" name=\"wpforms[fields][3]\" required><\/div><div id=\"wpforms-1532-field_4-container\" class=\"wpforms-field wpforms-field-number\" data-field-id=\"4\"><label class=\"wpforms-field-label\" for=\"wpforms-1532-field_4\">Telefone com DDD <span class=\"wpforms-required-label\">*<\/span><\/label><input type=\"number\" id=\"wpforms-1532-field_4\" class=\"wpforms-field-large wpforms-field-required\" name=\"wpforms[fields][4]\" step=\"any\" required><\/div><div id=\"wpforms-1532-field_8-container\" class=\"wpforms-field wpforms-field-text\" data-field-id=\"8\"><label class=\"wpforms-field-label\" for=\"wpforms-1532-field_8\">Qual o consumo de Nitrog\u00eanio na empresa?<\/label><input type=\"text\" id=\"wpforms-1532-field_8\" class=\"wpforms-field-large\" name=\"wpforms[fields][8]\" ><\/div><div id=\"wpforms-1532-field_7-container\" class=\"wpforms-field wpforms-field-text\" data-field-id=\"7\"><label class=\"wpforms-field-label\" for=\"wpforms-1532-field_7\">Qual o regime de trabalho (horas por dia e dias por semana)?<\/label><input type=\"text\" id=\"wpforms-1532-field_7\" class=\"wpforms-field-large\" name=\"wpforms[fields][7]\" ><\/div><div id=\"wpforms-1532-field_6-container\" class=\"wpforms-field wpforms-field-text\" data-field-id=\"6\"><label class=\"wpforms-field-label\" for=\"wpforms-1532-field_6\">Existe algum pico de consumo? Se sim, em que hor\u00e1rio ele ocorre?<\/label><input type=\"text\" id=\"wpforms-1532-field_6\" class=\"wpforms-field-large\" name=\"wpforms[fields][6]\" ><\/div><div id=\"wpforms-1532-field_9-container\" class=\"wpforms-field wpforms-field-text\" data-field-id=\"9\"><label class=\"wpforms-field-label\" for=\"wpforms-1532-field_9\">Qual o grau de pureza requerido?<\/label><input type=\"text\" id=\"wpforms-1532-field_9\" class=\"wpforms-field-large\" name=\"wpforms[fields][9]\" ><\/div><div id=\"wpforms-1532-field_10-container\" class=\"wpforms-field wpforms-field-text\" data-field-id=\"10\"><label class=\"wpforms-field-label\" for=\"wpforms-1532-field_10\">Qual a press\u00e3o da linha de Nitrog\u00eanio?<\/label><input type=\"text\" id=\"wpforms-1532-field_10\" class=\"wpforms-field-large\" name=\"wpforms[fields][10]\" ><\/div><div id=\"wpforms-1532-field_11-container\" class=\"wpforms-field wpforms-field-text\" data-field-id=\"11\"><label class=\"wpforms-field-label\" for=\"wpforms-1532-field_11\">Qual o pre\u00e7o pago atualmente pelo m\u00b3 de g\u00e1s?<\/label><input type=\"text\" id=\"wpforms-1532-field_11\" class=\"wpforms-field-large\" name=\"wpforms[fields][11]\" ><\/div><div id=\"wpforms-1532-field_12-container\" class=\"wpforms-field wpforms-field-text\" data-field-id=\"12\"><label class=\"wpforms-field-label\" for=\"wpforms-1532-field_12\">Qual o valor pago pelo kWh de energia?<\/label><input type=\"text\" id=\"wpforms-1532-field_12\" class=\"wpforms-field-large\" name=\"wpforms[fields][12]\" ><\/div><\/div><!-- .wpforms-field-container --><div class=\"wpforms-submit-container\" ><input type=\"hidden\" name=\"wpforms[id]\" value=\"1532\"><input type=\"hidden\" name=\"page_title\" value=\"\"><input type=\"hidden\" name=\"page_url\" value=\"https:\/\/www.januspergher.com.br\/index.php\/wp-json\/wp\/v2\/pages\/706\"><input type=\"hidden\" name=\"url_referer\" value=\"\"><button type=\"submit\" name=\"wpforms[submit]\" id=\"wpforms-submit-1532\" class=\"wpforms-submit cotao-purificadores-botao\" data-alt-text=\"enviando...\" data-submit-text=\"enviar\" aria-live=\"assertive\" value=\"wpforms-submit\">enviar<\/button><\/div><\/form><\/div>  <!-- .wpforms-container -->[\/vc_column_inner][\/vc_row_inner][\/vc_column][\/vc_row]<\/p>\n","protected":false},"excerpt":{"rendered":"<p>[vc_row][vc_column css=&#8221;.vc_custom_1562355293177{padding-top: 15px !important;padding-right: 15px !important;padding-bottom: 15px !important;padding-left: 15px !important;background-color: #ffffff !important;}&#8221;][vc_empty_space][vc_row_inner equal_height=&#8221;yes&#8221;][vc_column_inner width=&#8221;1\/2&#8243;][vc_single_image image=&#8221;1294&#8243; img_size=&#8221;full&#8221; onclick=&#8221;link_image&#8221;][vc_custom_heading text=&#8221;Gerador de Nitrog\u00eanio &#8211; JPN&#8221; font_container=&#8221;tag:h4|font_size:17|text_align:left&#8221; use_theme_fonts=&#8221;yes&#8221;][vc_column_text css=&#8221;.vc_custom_1591281264479{padding-top: 15px !important;padding-right: 15px !important;padding-bottom: 15px !important;padding-left: 15px !important;background-color: #f9f9f9 !important;}&#8221;]O funcionamento \u00e9 baseado na t\u00e9cnica P.S.A (Pressure Swing Adsorption), obtendo nitrog\u00eanio com concentra\u00e7\u00e3o de at\u00e9 99,99% e ponto de orvalho&hellip;<\/p>\n","protected":false},"author":2,"featured_media":0,"parent":0,"menu_order":10,"comment_status":"closed","ping_status":"closed","template":"template-microsite.php","meta":[],"_links":{"self":[{"href":"https:\/\/www.januspergher.com.br\/index.php\/wp-json\/wp\/v2\/pages\/706"}],"collection":[{"href":"https:\/\/www.januspergher.com.br\/index.php\/wp-json\/wp\/v2\/pages"}],"about":[{"href":"https:\/\/www.januspergher.com.br\/index.php\/wp-json\/wp\/v2\/types\/page"}],"author":[{"embeddable":true,"href":"https:\/\/www.januspergher.com.br\/index.php\/wp-json\/wp\/v2\/users\/2"}],"replies":[{"embeddable":true,"href":"https:\/\/www.januspergher.com.br\/index.php\/wp-json\/wp\/v2\/comments?post=706"}],"version-history":[{"count":23,"href":"https:\/\/www.januspergher.com.br\/index.php\/wp-json\/wp\/v2\/pages\/706\/revisions"}],"predecessor-version":[{"id":1779,"href":"https:\/\/www.januspergher.com.br\/index.php\/wp-json\/wp\/v2\/pages\/706\/revisions\/1779"}],"wp:attachment":[{"href":"https:\/\/www.januspergher.com.br\/index.php\/wp-json\/wp\/v2\/media?parent=706"}],"curies":[{"name":"wp","href":"https:\/\/api.w.org\/{rel}","templated":true}]}}