

{"id":691,"date":"2019-07-05T16:37:08","date_gmt":"2019-07-05T19:37:08","guid":{"rendered":"http:\/\/januspergher.com.br\/?page_id=691"},"modified":"2025-04-08T09:12:11","modified_gmt":"2025-04-08T12:12:11","slug":"purificador-de-biogas","status":"publish","type":"page","link":"https:\/\/www.januspergher.com.br\/index.php\/purificador-de-biogas\/","title":{"rendered":"Purificador de Biog\u00e1s"},"content":{"rendered":"<p>[vc_row][vc_column css=&#8221;.vc_custom_1562355293177{padding-top: 15px !important;padding-right: 15px !important;padding-bottom: 15px !important;padding-left: 15px !important;background-color: #ffffff !important;}&#8221;][vc_empty_space][vc_row_inner equal_height=&#8221;yes&#8221;][vc_column_inner width=&#8221;1\/2&#8243;][vc_single_image image=&#8221;1860&#8243; title=&#8221;Purificador de Biog\u00e1s&#8221;][vc_column_text css=&#8221;.vc_custom_1616861033142{margin-top: 20px !important;}&#8221;]<\/p>\n<p style=\"text-align: center;\">Sistema de purifica\u00e7\u00e3o de Biog\u00e1s CETRIC &#8211; SC.<\/p>\n<p>[\/vc_column_text][vc_custom_heading text=&#8221;Purificador de Biog\u00e1s &#8211; JPBio&#8221; font_container=&#8221;tag:h4|font_size:17|text_align:left&#8221; use_theme_fonts=&#8221;yes&#8221;][vc_column_text css=&#8221;.vc_custom_1565092774745{padding-top: 15px !important;padding-right: 15px !important;padding-bottom: 15px !important;padding-left: 15px !important;background-color: #f9f9f9 !important;}&#8221;]A transforma\u00e7\u00e3o do Biog\u00e1s em Biometano, combust\u00edvel renov\u00e1vel, considerado um substituto ao GNV (G\u00e1s Natural Veicular), pode ser realizada atrav\u00e9s do equipamento de Purifica\u00e7\u00e3o de Biog\u00e1s da JANUS &amp; PERGHER.<\/p>\n<p>O processo para a produ\u00e7\u00e3o de Biometano ocorre a partir da separa\u00e7\u00e3o de gases oriundos do Biog\u00e1s (obtido atrav\u00e9s de um biodigestor onde ocorre a degrada\u00e7\u00e3o dos res\u00edduos org\u00e2nicos por digest\u00e3o anaer\u00f3bica). O equipamento da JANUS &amp; PERGHER recebe o Biog\u00e1s e o purifica, retirando gases como, G\u00e1s sulf\u00eddrico (H2S), Di\u00f3xido de Carbono (CO2), Vapor de \u00c1gua (H2O), Ar Atmosf\u00e9rico (N2 + O2) e Di\u00f3xido de enxofre (SO2).<\/p>\n<p>O Biog\u00e1s pode ser produzido a partir de res\u00edduos de origem vegetal ou animal, como res\u00edduos agr\u00edcolas, industriais, de produ\u00e7\u00e3o animal e lixo org\u00e2nico na aus\u00eancia de oxig\u00eanio, ou seja, atrav\u00e9s da fermenta\u00e7\u00e3o dos res\u00edduos.<\/p>\n<p>A aplica\u00e7\u00e3o do Biometano pode ser feita para o abastecimento de redes de g\u00e1s natural armazenado em tanques para a comercializa\u00e7\u00e3o, frotas de autom\u00f3veis e ve\u00edculos de carga movidos a GNV, como, empilhadeiras, caminh\u00f5es e \u00f4nibus, e ainda pode ser utilizado em domic\u00edlios substituindo o g\u00e1s de cozinha (GLP).<\/p>\n<p>A purifica\u00e7\u00e3o do biog\u00e1s ocorre em quatro etapas, na primeira etapa s\u00e3o removidos os gases corrosivos. Ap\u00f3s, ocorre o aumento da press\u00e3o do biog\u00e1s para a realiza\u00e7\u00e3o do processo de secagem e da separa\u00e7\u00e3o de dois gases extremamente t\u00f3xicos, o metano (CH4) e di\u00f3xido de carbono (CO2), resultando apenas em metano. A partir disso, \u00e9 feito a recupera\u00e7\u00e3o ou prepara\u00e7\u00e3o dos gases removidos para a destina\u00e7\u00e3o adequada.<br \/>\nO potencial energ\u00e9tico do Biog\u00e1s, isto \u00e9, a quantidade de energia produzida pelo Biog\u00e1s varia em fun\u00e7\u00e3o da presen\u00e7a de metano. Quanto mais metano na composi\u00e7\u00e3o, mais rico e puro ser\u00e1 o biog\u00e1s e maior ser\u00e1 o seu rendimento como biocombust\u00edvel.[\/vc_column_text][vc_empty_space][vc_column_text css=&#8221;.vc_custom_1653332564755{margin-top: 20px !important;}&#8221;]<span style=\"color: red;\">ATEN\u00c7\u00c3O<\/span>: para solicitar estudo de viabilidade econ\u00f4mica, a vaz\u00e3o m\u00ednima de biog\u00e1s dispon\u00edvel para purifica\u00e7\u00e3o deve ser de 2.000 m\u00b3\/dia.[\/vc_column_text]<div class=\"wpforms-container wpforms-container-full cotao-purificadores\" id=\"wpforms-1530\"><form id=\"wpforms-form-1530\" class=\"wpforms-validate wpforms-form\" data-formid=\"1530\" method=\"post\" enctype=\"multipart\/form-data\" action=\"\/index.php\/wp-json\/wp\/v2\/pages\/691\" data-token=\"c18349057de99952f2e09b147cdc37c2\" data-token-time=\"1775958789\"><div class=\"wpforms-head-container\"><div class=\"wpforms-title\">Cota\u00e7\u00e3o Purificadores de Biog\u00e1s<\/div><\/div><noscript class=\"wpforms-error-noscript\">Ative o JavaScript no seu navegador para preencher este formul\u00e1rio.<\/noscript><div class=\"wpforms-field-container\"><div id=\"wpforms-1530-field_5-container\" class=\"wpforms-field wpforms-field-email\" data-field-id=\"5\"><label class=\"wpforms-field-label\" for=\"wpforms-1530-field_5\">E-mail <span class=\"wpforms-required-label\">*<\/span><\/label><input type=\"email\" id=\"wpforms-1530-field_5\" class=\"wpforms-field-large wpforms-field-required\" name=\"wpforms[fields][5]\" spellcheck=\"false\" required><\/div><div id=\"wpforms-1530-field_2-container\" class=\"wpforms-field wpforms-field-text\" data-field-id=\"2\"><label class=\"wpforms-field-label\" for=\"wpforms-1530-field_2\">Nome <span class=\"wpforms-required-label\">*<\/span><\/label><input type=\"text\" id=\"wpforms-1530-field_2\" class=\"wpforms-field-large wpforms-field-required\" name=\"wpforms[fields][2]\" required><\/div><div id=\"wpforms-1530-field_3-container\" class=\"wpforms-field wpforms-field-text\" data-field-id=\"3\"><label class=\"wpforms-field-label\" for=\"wpforms-1530-field_3\">Empresa <span class=\"wpforms-required-label\">*<\/span><\/label><input type=\"text\" id=\"wpforms-1530-field_3\" class=\"wpforms-field-large wpforms-field-required\" name=\"wpforms[fields][3]\" required><\/div><div id=\"wpforms-1530-field_4-container\" class=\"wpforms-field wpforms-field-number\" data-field-id=\"4\"><label class=\"wpforms-field-label\" for=\"wpforms-1530-field_4\">Telefone com DDD <span class=\"wpforms-required-label\">*<\/span><\/label><input type=\"number\" id=\"wpforms-1530-field_4\" class=\"wpforms-field-large wpforms-field-required\" name=\"wpforms[fields][4]\" step=\"any\" required><\/div><div id=\"wpforms-1530-field_8-container\" class=\"wpforms-field wpforms-field-text\" data-field-id=\"8\"><label class=\"wpforms-field-label\" for=\"wpforms-1530-field_8\">Qual a origem e composi\u00e7\u00e3o do Biog\u00e1s?<\/label><input type=\"text\" id=\"wpforms-1530-field_8\" class=\"wpforms-field-large\" name=\"wpforms[fields][8]\" ><\/div><div id=\"wpforms-1530-field_7-container\" class=\"wpforms-field wpforms-field-text\" data-field-id=\"7\"><label class=\"wpforms-field-label\" for=\"wpforms-1530-field_7\">Qual o volume de Biog\u00e1s dispon\u00edvel para a purifica\u00e7\u00e3o? (vaz\u00e3o m\u00ednima 2.000 m\u00b3\/dia)<\/label><input type=\"text\" id=\"wpforms-1530-field_7\" class=\"wpforms-field-large\" name=\"wpforms[fields][7]\" ><\/div><div id=\"wpforms-1530-field_9-container\" class=\"wpforms-field wpforms-field-text\" data-field-id=\"9\"><label class=\"wpforms-field-label\" for=\"wpforms-1530-field_9\">Qual o regime de trabalho que o purificador poder\u00e1 operar (horas por dia)?<\/label><input type=\"text\" id=\"wpforms-1530-field_9\" class=\"wpforms-field-large\" name=\"wpforms[fields][9]\" ><\/div><div id=\"wpforms-1530-field_10-container\" class=\"wpforms-field wpforms-field-radio\" data-field-id=\"10\"><label class=\"wpforms-field-label\">Qual a aplica\u00e7\u00e3o do Biometano?<\/label><ul id=\"wpforms-1530-field_10\"><li class=\"choice-1 depth-1\"><input type=\"radio\" id=\"wpforms-1530-field_10_1\" name=\"wpforms[fields][10]\" value=\"Uso local em baixa press\u00e3o (substitui\u00e7\u00e3o de GLP)\"  ><label class=\"wpforms-field-label-inline\" for=\"wpforms-1530-field_10_1\">Uso local em baixa press\u00e3o (substitui\u00e7\u00e3o de GLP)<\/label><\/li><li class=\"choice-2 depth-1\"><input type=\"radio\" id=\"wpforms-1530-field_10_2\" name=\"wpforms[fields][10]\" value=\"Abastecimento de ve\u00edculos\"  ><label class=\"wpforms-field-label-inline\" for=\"wpforms-1530-field_10_2\">Abastecimento de ve\u00edculos<\/label><\/li><li class=\"choice-3 depth-1\"><input type=\"radio\" id=\"wpforms-1530-field_10_3\" name=\"wpforms[fields][10]\" value=\"Inje\u00e7\u00e3o na rede de distribui\u00e7\u00e3o\"  ><label class=\"wpforms-field-label-inline\" for=\"wpforms-1530-field_10_3\">Inje\u00e7\u00e3o na rede de distribui\u00e7\u00e3o<\/label><\/li><\/ul><\/div><\/div><!-- .wpforms-field-container --><div class=\"wpforms-submit-container\" ><input type=\"hidden\" name=\"wpforms[id]\" value=\"1530\"><input type=\"hidden\" name=\"page_title\" value=\"\"><input type=\"hidden\" name=\"page_url\" value=\"https:\/\/www.januspergher.com.br\/index.php\/wp-json\/wp\/v2\/pages\/691\"><input type=\"hidden\" name=\"url_referer\" value=\"\"><button type=\"submit\" name=\"wpforms[submit]\" id=\"wpforms-submit-1530\" class=\"wpforms-submit cotao-purificadores-botao\" data-alt-text=\"enviando...\" data-submit-text=\"enviar\" aria-live=\"assertive\" value=\"wpforms-submit\">enviar<\/button><\/div><\/form><\/div>  <!-- .wpforms-container -->[\/vc_column_inner][vc_column_inner width=&#8221;1\/2&#8243;][vc_custom_heading text=&#8221;Composi\u00e7\u00e3o do equipamento:&#8221; font_container=&#8221;tag:h4|font_size:17|text_align:left&#8221; use_theme_fonts=&#8221;yes&#8221;]<div class=\"standard-arrow list-divider bullet-top\"><ul>\n<li>Booster para Biog\u00e1s Reservat\u00f3rios<\/li>\n<li>Central de tratamento de Biog\u00e1s<\/li>\n<li>Secador por refrigera\u00e7\u00e3o<\/li>\n<li>Adsorvedor Scrubber<\/li>\n<li>Adsorvedor Final<\/li>\n<li>Analisador de Metano<\/li>\n<li>Analisador de Di\u00f3xido de Carbono<\/li>\n<li>Compressor de Biometano (opcional).<\/li>\n<\/ul>\n<\/div>[vc_empty_space][vc_custom_heading text=&#8221;Vantagens do equipamento de purifica\u00e7\u00e3o:&#8221; font_container=&#8221;tag:h4|font_size:17|text_align:left&#8221; use_theme_fonts=&#8221;yes&#8221;]<div class=\"standard-arrow list-divider bullet-top\"><ul>\n<li>Partida e parada programadas<\/li>\n<li>Funcionamento totalmente automatizado<\/li>\n<li>R\u00e1pido retorno sobre investimento<\/li>\n<li>Baixo custo de opera\u00e7\u00e3o e manuten\u00e7\u00e3o<\/li>\n<li>F\u00e1cil instala\u00e7\u00e3o e manuten\u00e7\u00e3o<\/li>\n<li>Fabrica\u00e7\u00e3o nacional<\/li>\n<li>Treinamento de pessoal do cliente para manuten\u00e7\u00e3o (opcional)<\/li>\n<li>Garantia de 01 ano e assist\u00eancia t\u00e9cnica em todo o pa\u00eds<\/li>\n<\/ul>\n<\/div>[vc_empty_space][vc_column_text css_animation=&#8221;fadeIn&#8221;]<\/p>\n<h3 style=\"text-align: center;\">Veja o boletim t\u00e9cnico <strong>aqui<span style=\"color: #000000;\">:<\/span><\/strong><\/h3>\n<p>[\/vc_column_text][vc_btn title=&#8221;Boletim T\u00e9cnico&#8221; color=&#8221;black&#8221; size=&#8221;lg&#8221; align=&#8221;center&#8221; css_animation=&#8221;fadeIn&#8221; link=&#8221;url:http%3A%2F%2Fjanuspergher.com.br%2Fwp-content%2Fuploads%2F2020%2F05%2FBoletim-T%C3%A9cnico-Purificador-de-Biog%C3%A1s-2020.pdf|title:Purificador%20de%20Biog%C3%A1s%20-%20JPBio|target:%20_blank|&#8221;][vc_empty_space][vc_empty_space][vc_media_grid element_width=&#8221;3&#8243; gap=&#8221;0&#8243; grid_id=&#8221;vc_gid:1744114239788-e63d8488-e001-2&#8243; include=&#8221;1733,1734,699,700,702,1735,1736&#8243;][\/vc_column_inner][\/vc_row_inner][vc_row_inner][vc_column_inner][\/vc_column_inner][\/vc_row_inner][\/vc_column][\/vc_row]<\/p>\n","protected":false},"excerpt":{"rendered":"<p>[vc_row][vc_column css=&#8221;.vc_custom_1562355293177{padding-top: 15px !important;padding-right: 15px !important;padding-bottom: 15px !important;padding-left: 15px !important;background-color: #ffffff !important;}&#8221;][vc_empty_space][vc_row_inner equal_height=&#8221;yes&#8221;][vc_column_inner width=&#8221;1\/2&#8243;][vc_single_image image=&#8221;1860&#8243; title=&#8221;Purificador de Biog\u00e1s&#8221;][vc_column_text css=&#8221;.vc_custom_1616861033142{margin-top: 20px !important;}&#8221;] Sistema de purifica\u00e7\u00e3o de Biog\u00e1s CETRIC &#8211; SC. [\/vc_column_text][vc_custom_heading text=&#8221;Purificador de Biog\u00e1s &#8211; JPBio&#8221; font_container=&#8221;tag:h4|font_size:17|text_align:left&#8221; use_theme_fonts=&#8221;yes&#8221;][vc_column_text css=&#8221;.vc_custom_1565092774745{padding-top: 15px !important;padding-right: 15px !important;padding-bottom: 15px !important;padding-left: 15px !important;background-color: #f9f9f9 !important;}&#8221;]A transforma\u00e7\u00e3o do Biog\u00e1s em Biometano, combust\u00edvel renov\u00e1vel,&hellip;<\/p>\n","protected":false},"author":2,"featured_media":0,"parent":0,"menu_order":10,"comment_status":"closed","ping_status":"closed","template":"template-microsite.php","meta":[],"_links":{"self":[{"href":"https:\/\/www.januspergher.com.br\/index.php\/wp-json\/wp\/v2\/pages\/691"}],"collection":[{"href":"https:\/\/www.januspergher.com.br\/index.php\/wp-json\/wp\/v2\/pages"}],"about":[{"href":"https:\/\/www.januspergher.com.br\/index.php\/wp-json\/wp\/v2\/types\/page"}],"author":[{"embeddable":true,"href":"https:\/\/www.januspergher.com.br\/index.php\/wp-json\/wp\/v2\/users\/2"}],"replies":[{"embeddable":true,"href":"https:\/\/www.januspergher.com.br\/index.php\/wp-json\/wp\/v2\/comments?post=691"}],"version-history":[{"count":36,"href":"https:\/\/www.januspergher.com.br\/index.php\/wp-json\/wp\/v2\/pages\/691\/revisions"}],"predecessor-version":[{"id":1882,"href":"https:\/\/www.januspergher.com.br\/index.php\/wp-json\/wp\/v2\/pages\/691\/revisions\/1882"}],"wp:attachment":[{"href":"https:\/\/www.januspergher.com.br\/index.php\/wp-json\/wp\/v2\/media?parent=691"}],"curies":[{"name":"wp","href":"https:\/\/api.w.org\/{rel}","templated":true}]}}