

{"id":672,"date":"2019-07-05T15:27:57","date_gmt":"2019-07-05T18:27:57","guid":{"rendered":"http:\/\/januspergher.com.br\/?page_id=672"},"modified":"2025-09-25T13:12:49","modified_gmt":"2025-09-25T16:12:49","slug":"contato","status":"publish","type":"page","link":"https:\/\/www.januspergher.com.br\/index.php\/contato\/","title":{"rendered":"Contato"},"content":{"rendered":"<p>[vc_row type=&#8221;vc_default&#8221; css=&#8221;.vc_custom_1561580046216{margin-bottom: -50px !important;}&#8221;][vc_column offset=&#8221;vc_col-lg-6 vc_col-md-6&#8243; el_class=&#8221;contatocolunadados&#8221;][vc_empty_space height=&#8221;35px&#8221;][vc_column_text el_class=&#8221;contatoblocointro&#8221;]<span style=\"color: #000000;\">Tire d\u00favidas e solicite informa\u00e7\u00f5es.<\/span><br \/>\n<span style=\"color: #000000;\">Responderemos o mais breve poss\u00edvel.<\/span>[\/vc_column_text][vc_empty_space height=&#8221;3px&#8221;][vc_custom_heading text=&#8221;Telefone&#8221; font_container=&#8221;tag:h5|text_align:left&#8221; use_theme_fonts=&#8221;yes&#8221;]<div class=\"aio-icon-component  vc_custom_1728994426418   style_1\"><div id=\"Info-box-wrap-9568\" class=\"aio-icon-box default-icon\" style=\"\"  ><div class=\"aio-icon-default\"><div class=\"ult-just-icon-wrapper  \"><div class=\"align-icon\" style=\"text-align:center;\">\n<div class=\"aio-icon none \"  style=\"color:#007a45;font-size:24px;display:inline-block;\">\n\t<i class=\"Defaults-phone\"><\/i>\n<\/div><\/div><\/div><\/div><div class=\"aio-icon-header\" ><h3 class=\"aio-icon-title ult-responsive\"  data-ultimate-target='#Info-box-wrap-9568 .aio-icon-title'  data-responsive-json-new='{\"font-size\":\"desktop:15px;\",\"line-height\":\"desktop:16px;\"}'  style=\"font-family:'Open Sans';font-weight:600;\">+55 (47) 3451-6000<\/h3><\/div> <!-- header --><\/div> <!-- aio-icon-box --><\/div> <!-- aio-icon-component -->[vc_empty_space height=&#8221;3px&#8221;][vc_custom_heading text=&#8221;E-mail&#8221; font_container=&#8221;tag:h5|text_align:left&#8221; use_theme_fonts=&#8221;yes&#8221;]<div class=\"aio-icon-component  vc_custom_1728076233960   style_1\"><div id=\"Info-box-wrap-3785\" class=\"aio-icon-box default-icon\" style=\"\"  ><div class=\"aio-icon-default\"><div class=\"ult-just-icon-wrapper  \"><div class=\"align-icon\" style=\"text-align:center;\">\n<div class=\"aio-icon none \"  style=\"color:#007a45;font-size:24px;display:inline-block;\">\n\t<i class=\"Defaults-envelope-o\"><\/i>\n<\/div><\/div><\/div><\/div><div class=\"aio-icon-header\" ><h3 class=\"aio-icon-title ult-responsive\"  data-ultimate-target='#Info-box-wrap-3785 .aio-icon-title'  data-responsive-json-new='{\"font-size\":\"desktop:15px;\",\"line-height\":\"desktop:16px;\"}'  style=\"font-family:'Open Sans';font-weight:600;\">januspergher@januspergher.com.br<\/h3><\/div> <!-- header --><\/div> <!-- aio-icon-box --><\/div> <!-- aio-icon-component -->[vc_empty_space height=&#8221;3px&#8221;][vc_custom_heading text=&#8221;Cota\u00e7\u00f5es&#8221; font_container=&#8221;tag:h5|text_align:left&#8221; use_theme_fonts=&#8221;yes&#8221;]<div class=\"aio-icon-component  vc_custom_1728076251450   style_1\"><div id=\"Info-box-wrap-4272\" class=\"aio-icon-box default-icon\" style=\"\"  ><div class=\"aio-icon-default\"><div class=\"ult-just-icon-wrapper  \"><div class=\"align-icon\" style=\"text-align:center;\">\n<div class=\"aio-icon none \"  style=\"color:#007a45;font-size:24px;display:inline-block;\">\n\t<i class=\"Defaults-envelope-o\"><\/i>\n<\/div><\/div><\/div><\/div><div class=\"aio-icon-header\" ><h3 class=\"aio-icon-title ult-responsive\"  data-ultimate-target='#Info-box-wrap-4272 .aio-icon-title'  data-responsive-json-new='{\"font-size\":\"desktop:15px;\",\"line-height\":\"desktop:16px;\"}'  style=\"font-family:'Open Sans';font-weight:600;\">geraldopergher@januspergher.com.br<\/h3><\/div> <!-- header --><\/div> <!-- aio-icon-box --><\/div> <!-- aio-icon-component -->[vc_empty_space height=&#8221;3px&#8221;][\/vc_column][vc_column offset=&#8221;vc_col-lg-6 vc_col-md-6&#8243;][vc_empty_space height=&#8221;35px&#8221;]<form class=\"contact-form dt-form\" action=\"\/\" method=\"post\">\n<input type=\"hidden\" name=\"widget_id\" value=\"presscore-contact-form-widget--1\" \/><input type=\"hidden\" name=\"send_message\" value=\"\" \/><div class=\"form-fields\"><span class=\"form-name\"><label class=\"assistive-text\">Nome *<\/label><input type=\"text\" class=\"validate[required]\" placeholder=\"Nome *\" name=\"name\" value=\"\" aria-required=\"true\">\n<\/span><span class=\"form-mail\"><label class=\"assistive-text\">E-mail *<\/label><input type=\"text\" class=\"validate[required,custom[email]]\" placeholder=\"E-mail *\" name=\"email\" value=\"\" aria-required=\"true\">\n<\/span><span class=\"form-telephone\"><label class=\"assistive-text\">Telefone<\/label><input type=\"text\" placeholder=\"Telefone\" name=\"telephone\" value=\"\" aria-required=\"false\">\n<\/span><\/div><span class=\"form-message\"><label class=\"assistive-text\">Mensagem *<\/label><textarea class=\"validate[required]\" placeholder=\"Mensagem *\" name=\"message\" rows=\"3\" aria-required=\"true\"><\/textarea>\n<\/span><p><a href=\"#\" class=\"dt-btn dt-btn-s dt-btn-submit\" rel=\"nofollow\"><span>enviar<\/span><\/a><a href=\"#\" class=\"clear-form\" rel=\"nofollow\">limpar<\/a><input class=\"assistive-text\" type=\"submit\" value=\"enviar\"><\/p><\/form>\n[vc_empty_space height=&#8221;90px&#8221;][\/vc_column][\/vc_row]<\/p>\n","protected":false},"excerpt":{"rendered":"<p>[vc_row type=&#8221;vc_default&#8221; css=&#8221;.vc_custom_1561580046216{margin-bottom: -50px !important;}&#8221;][vc_column offset=&#8221;vc_col-lg-6 vc_col-md-6&#8243; el_class=&#8221;contatocolunadados&#8221;][vc_empty_space height=&#8221;35px&#8221;][vc_column_text el_class=&#8221;contatoblocointro&#8221;]Tire d\u00favidas e solicite informa\u00e7\u00f5es. Responderemos o mais breve poss\u00edvel.[\/vc_column_text][vc_empty_space height=&#8221;3px&#8221;][vc_custom_heading text=&#8221;Telefone&#8221; font_container=&#8221;tag:h5|text_align:left&#8221; use_theme_fonts=&#8221;yes&#8221;][vc_empty_space height=&#8221;3px&#8221;][vc_custom_heading text=&#8221;E-mail&#8221; font_container=&#8221;tag:h5|text_align:left&#8221; use_theme_fonts=&#8221;yes&#8221;][vc_empty_space height=&#8221;3px&#8221;][vc_custom_heading text=&#8221;Cota\u00e7\u00f5es&#8221; font_container=&#8221;tag:h5|text_align:left&#8221; use_theme_fonts=&#8221;yes&#8221;][vc_empty_space height=&#8221;3px&#8221;][\/vc_column][vc_column offset=&#8221;vc_col-lg-6 vc_col-md-6&#8243;][vc_empty_space height=&#8221;35px&#8221;][vc_empty_space height=&#8221;90px&#8221;][\/vc_column][\/vc_row]<\/p>\n","protected":false},"author":2,"featured_media":0,"parent":0,"menu_order":10,"comment_status":"closed","ping_status":"closed","template":"template-microsite.php","meta":[],"_links":{"self":[{"href":"https:\/\/www.januspergher.com.br\/index.php\/wp-json\/wp\/v2\/pages\/672"}],"collection":[{"href":"https:\/\/www.januspergher.com.br\/index.php\/wp-json\/wp\/v2\/pages"}],"about":[{"href":"https:\/\/www.januspergher.com.br\/index.php\/wp-json\/wp\/v2\/types\/page"}],"author":[{"embeddable":true,"href":"https:\/\/www.januspergher.com.br\/index.php\/wp-json\/wp\/v2\/users\/2"}],"replies":[{"embeddable":true,"href":"https:\/\/www.januspergher.com.br\/index.php\/wp-json\/wp\/v2\/comments?post=672"}],"version-history":[{"count":21,"href":"https:\/\/www.januspergher.com.br\/index.php\/wp-json\/wp\/v2\/pages\/672\/revisions"}],"predecessor-version":[{"id":1906,"href":"https:\/\/www.januspergher.com.br\/index.php\/wp-json\/wp\/v2\/pages\/672\/revisions\/1906"}],"wp:attachment":[{"href":"https:\/\/www.januspergher.com.br\/index.php\/wp-json\/wp\/v2\/media?parent=672"}],"curies":[{"name":"wp","href":"https:\/\/api.w.org\/{rel}","templated":true}]}}