

{"id":643,"date":"2019-07-05T12:06:10","date_gmt":"2019-07-05T15:06:10","guid":{"rendered":"http:\/\/januspergher.com.br\/?page_id=643"},"modified":"2024-10-07T08:41:44","modified_gmt":"2024-10-07T11:41:44","slug":"empresa","status":"publish","type":"page","link":"https:\/\/www.januspergher.com.br\/index.php\/empresa\/","title":{"rendered":"Empresa"},"content":{"rendered":"<p>[vc_row][vc_column width=&#8221;2\/3&#8243;][vc_empty_space height=&#8221;35px&#8221;][vc_custom_heading text=&#8221;Nossa Hist\u00f3ria&#8221; font_container=&#8221;tag:h2|font_size:23|text_align:left&#8221; use_theme_fonts=&#8221;yes&#8221;][vc_separator color=&#8221;custom&#8221; accent_color=&#8221;#216800&#8243;][vc_column_text]Desde 1993 dominamos a tecnologia de separa\u00e7\u00e3o de gases baseada na t\u00e9cnica P.S.A (Pressure Swing Adsorption).<\/p>\n<p>Inicialmente com a produ\u00e7\u00e3o de oxig\u00eanio medicinal no Sul do pa\u00eds e prestando manuten\u00e7\u00e3o a geradores j\u00e1 existentes nos estados do Rio de Janeiro, S\u00e3o Paulo e no Distrito Federal, seguindo para a \u00e1rea industrial com a Gera\u00e7\u00e3o de Nitrog\u00eanio e desenvolvendo projetos especiais, tais como Purifica\u00e7\u00e3o de Hidrog\u00eanio e Biog\u00e1s, complementando a linha com Boosters (compressores) para eleva\u00e7\u00e3o de press\u00e3o de Oxig\u00eanio, Nitrog\u00eanio e Biometano.<\/p>\n<p>Expandimos gradativamente a \u00e1rea de cobertura com a instala\u00e7\u00e3o de m\u00e1quinas nos estados de Santa Catarina, Paran\u00e1 e posteriormente nas regi\u00f5es Norte, Centro-Oeste, Nordeste e tamb\u00e9m o mercado internacional, com equipamentos instalados atualmente na \u00c1frica.<\/p>\n<p>Atualmente, acompanhando o desenvolvimento tecnol\u00f3gico no pa\u00eds, temos em funcionamento Purificadores de Biog\u00e1s nos principais polos de desenvolvimento, cito CIBiog\u00e1s (PR), Univates (RS), Embrapa (SC) e Cetric (SC).[\/vc_column_text][\/vc_column][vc_column width=&#8221;1\/3&#8243;][vc_single_image image=&#8221;655&#8243; img_size=&#8221;298&#215;530&#8243; alignment=&#8221;center&#8221;][\/vc_column][\/vc_row][vc_row type=&#8221;vc_default&#8221; gap=&#8221;15&#8243; equal_height=&#8221;yes&#8221;][vc_column width=&#8221;1\/3&#8243; css=&#8221;.vc_custom_1562340789418{background-color: #f9f9f9 !important;}&#8221;]<div class=\"aio-icon-component  vc_custom_1728301266910   style_1\"><div id=\"Info-box-wrap-2722\" class=\"aio-icon-box left-icon\" style=\"\"  ><div class=\"aio-ibd-block\"><div class=\"aio-icon-header\" ><h3 class=\"aio-icon-title ult-responsive\"  data-ultimate-target='#Info-box-wrap-2722 .aio-icon-title'  data-responsive-json-new='{\"font-size\":\"desktop:20px;\",\"line-height\":\"desktop:26px;\"}'  style=\"\">Miss\u00e3o<\/h3><\/div> <!-- header --><div class=\"aio-icon-description ult-responsive\"  data-ultimate-target='#Info-box-wrap-2722 .aio-icon-description'  data-responsive-json-new='{\"font-size\":\"\",\"line-height\":\"\"}'  style=\"\"><\/p>\n<p style=\"text-align: left;\">Oferecer solu\u00e7\u00f5es em gases capazes de reduzir custos e proporcionar maior autonomia \u00e0s organiza\u00e7\u00f5es de forma segura e sustent\u00e1vel.<\/p>\n<p><\/div> <!-- description --><\/div> <!-- aio-ibd-block --><\/div> <!-- aio-icon-box --><\/div> <!-- aio-icon-component -->[\/vc_column][vc_column width=&#8221;1\/3&#8243; css=&#8221;.vc_custom_1562340808799{background-color: #f9f9f9 !important;}&#8221;]<div class=\"aio-icon-component  vc_custom_1728301282444   style_1\"><div id=\"Info-box-wrap-9016\" class=\"aio-icon-box left-icon\" style=\"\"  ><div class=\"aio-ibd-block\"><div class=\"aio-icon-header\" ><h3 class=\"aio-icon-title ult-responsive\"  data-ultimate-target='#Info-box-wrap-9016 .aio-icon-title'  data-responsive-json-new='{\"font-size\":\"desktop:20px;\",\"line-height\":\"desktop:26px;\"}'  style=\"\">Vis\u00e3o<\/h3><\/div> <!-- header --><div class=\"aio-icon-description ult-responsive\"  data-ultimate-target='#Info-box-wrap-9016 .aio-icon-description'  data-responsive-json-new='{\"font-size\":\"\",\"line-height\":\"\"}'  style=\"\"><\/p>\n<p style=\"text-align: left;\">Tornar-se refer\u00eancia nos mercados de gases industriais e agroindustriais, com excelente<br \/>\ndesempenho no uso de t\u00e9cnicas inovadoras.<\/p>\n<p><\/div> <!-- description --><\/div> <!-- aio-ibd-block --><\/div> <!-- aio-icon-box --><\/div> <!-- aio-icon-component -->[\/vc_column][vc_column width=&#8221;1\/3&#8243; css=&#8221;.vc_custom_1562340827247{background-color: #f9f9f9 !important;}&#8221;]<div class=\"aio-icon-component  vc_custom_1728301298418   style_1\"><div id=\"Info-box-wrap-5190\" class=\"aio-icon-box left-icon\" style=\"\"  ><div class=\"aio-ibd-block\"><div class=\"aio-icon-header\" ><h3 class=\"aio-icon-title ult-responsive\"  data-ultimate-target='#Info-box-wrap-5190 .aio-icon-title'  data-responsive-json-new='{\"font-size\":\"desktop:20px;\",\"line-height\":\"desktop:26px;\"}'  style=\"\">Valores<\/h3><\/div> <!-- header --><div class=\"aio-icon-description ult-responsive\"  data-ultimate-target='#Info-box-wrap-5190 .aio-icon-description'  data-responsive-json-new='{\"font-size\":\"\",\"line-height\":\"\"}'  style=\"\"><\/p>\n<p style=\"text-align: left;\">Agir de forma respons\u00e1vel, \u00e9tica e \u00edntegra com os clientes, colaboradores, parceiros e<br \/>\nsociedade.<\/p>\n<p><\/div> <!-- description --><\/div> <!-- aio-ibd-block --><\/div> <!-- aio-icon-box --><\/div> <!-- aio-icon-component -->[\/vc_column][\/vc_row][vc_row][vc_column][vc_empty_space][\/vc_column][\/vc_row]<\/p>\n","protected":false},"excerpt":{"rendered":"<p>[vc_row][vc_column width=&#8221;2\/3&#8243;][vc_empty_space height=&#8221;35px&#8221;][vc_custom_heading text=&#8221;Nossa Hist\u00f3ria&#8221; font_container=&#8221;tag:h2|font_size:23|text_align:left&#8221; use_theme_fonts=&#8221;yes&#8221;][vc_separator color=&#8221;custom&#8221; accent_color=&#8221;#216800&#8243;][vc_column_text]Desde 1993 dominamos a tecnologia de separa\u00e7\u00e3o de gases baseada na t\u00e9cnica P.S.A (Pressure Swing Adsorption). Inicialmente com a produ\u00e7\u00e3o de oxig\u00eanio medicinal no Sul do pa\u00eds e prestando manuten\u00e7\u00e3o a geradores j\u00e1 existentes nos estados do Rio de Janeiro, S\u00e3o Paulo e no Distrito Federal, seguindo&hellip;<\/p>\n","protected":false},"author":2,"featured_media":0,"parent":0,"menu_order":10,"comment_status":"closed","ping_status":"closed","template":"template-microsite.php","meta":[],"_links":{"self":[{"href":"https:\/\/www.januspergher.com.br\/index.php\/wp-json\/wp\/v2\/pages\/643"}],"collection":[{"href":"https:\/\/www.januspergher.com.br\/index.php\/wp-json\/wp\/v2\/pages"}],"about":[{"href":"https:\/\/www.januspergher.com.br\/index.php\/wp-json\/wp\/v2\/types\/page"}],"author":[{"embeddable":true,"href":"https:\/\/www.januspergher.com.br\/index.php\/wp-json\/wp\/v2\/users\/2"}],"replies":[{"embeddable":true,"href":"https:\/\/www.januspergher.com.br\/index.php\/wp-json\/wp\/v2\/comments?post=643"}],"version-history":[{"count":23,"href":"https:\/\/www.januspergher.com.br\/index.php\/wp-json\/wp\/v2\/pages\/643\/revisions"}],"predecessor-version":[{"id":1767,"href":"https:\/\/www.januspergher.com.br\/index.php\/wp-json\/wp\/v2\/pages\/643\/revisions\/1767"}],"wp:attachment":[{"href":"https:\/\/www.januspergher.com.br\/index.php\/wp-json\/wp\/v2\/media?parent=643"}],"curies":[{"name":"wp","href":"https:\/\/api.w.org\/{rel}","templated":true}]}}