

{"id":490,"date":"2016-02-19T18:46:44","date_gmt":"2016-02-19T18:46:44","guid":{"rendered":"http:\/\/the7.dream-demo.com\/demo\/expedition\/?page_id=2"},"modified":"2025-07-01T10:18:07","modified_gmt":"2025-07-01T13:18:07","slug":"home","status":"publish","type":"page","link":"https:\/\/www.januspergher.com.br\/","title":{"rendered":"Home"},"content":{"rendered":"<p>[vc_row margin_top=&#8221;-50PX&#8221; margin_bottom=&#8221;-50px&#8221; css=&#8221;.vc_custom_1648829600540{margin-bottom: -50px !important;}&#8221;][vc_column css=&#8221;.vc_custom_1648825743036{margin-top: 0px !important;border-top-width: 0px !important;padding-top: 0px !important;}&#8221;][\/vc_column][\/vc_row][vc_row type=&#8221;vc_default&#8221; margin_top=&#8221;-50&#8243; anchor=&#8221;about&#8221; css=&#8221;.vc_custom_1456317372164{margin-top: -50px !important;margin-bottom: 0px !important;}&#8221; el_id=&#8221;about&#8221;][vc_column width=&#8221;2\/3&#8243; offset=&#8221;vc_col-lg-offset-0 vc_col-lg-6 vc_col-md-offset-0 vc_col-md-6&#8243;]<div class=\"ult-spacer spacer-69dca20ba0c22\" data-id=\"69dca20ba0c22\" data-height=\"110\" data-height-mobile=\"70\" data-height-tab=\"130\" data-height-tab-portrait=\"100\" data-height-mobile-landscape=\"100\" style=\"clear:both;display:block;\"><\/div>[vc_column_text]<\/p>\n<h2>Solu\u00e7\u00f5es em Gases Industriais, Medicinais, Biog\u00e1s e Biometano.<\/h2>\n<p>[\/vc_column_text][vc_separator color=&#8221;custom&#8221; align=&#8221;align_left&#8221; el_width=&#8221;30&#8243; accent_color=&#8221;#1b991d&#8221;][vc_empty_space height=&#8221;10px&#8221;][\/vc_column][vc_column width=&#8221;1\/3&#8243; offset=&#8221;vc_col-lg-6 vc_col-md-6 vc_hidden-xs&#8221;][vc_empty_space height=&#8221;95px&#8221;]<div class=\"ult-content-box-container \" >\t\t<div class=\"ult-content-box\" style=\"background-color:#f9f9f9;box-shadow: px px px px #f7f7f7 none;border-style:none;border-bottom-width:4px;border-color:#939393;padding:15px;-webkit-transition: all 700ms ease;-moz-transition: all 700ms ease;-ms-transition: all 700ms ease;-o-transition: all 700ms ease;transition: all 700ms ease;\"  data-hover_box_shadow=\"none\"     data-bg=\"#f9f9f9\"  data-border_color=\"#939393\" >[vc_column_text]Fundada em 1993, em Porto Alegre &#8211; RS, a Janus &amp; Pergher \u00e9 uma empresa brasileira, especialista na fabrica\u00e7\u00e3o de equipamentos para gera\u00e7\u00e3o de gases industriais e medicinais, al\u00e9m de biog\u00e1s e biometano.\u00a0O portf\u00f3lio de produtos conta com geradores de nitrog\u00eanio, geradores de oxig\u00eanio e purificadores de biog\u00e1s e biometano.\u00a0Em 2024, a Janus &amp; Pergher foi adquirida pela Schulz Compressores, proporcionando \u00e0 marca uma estrutura robusta para desenvolvimento de novos produtos e servi\u00e7os.[\/vc_column_text]\t\t<\/div><\/div>[vc_empty_space height=&#8221;50px&#8221;][\/vc_column][\/vc_row][vc_row full_width=&#8221;stretch_row_content&#8221; css=&#8221;.vc_custom_1728316360810{margin-top: 30px !important;margin-right: 10px !important;margin-left: 10px !important;background-color: #ffffff !important;}&#8221; el_class=&#8221;linhaprodutoshome&#8221;][vc_column width=&#8221;1\/3&#8243;][vc_custom_heading text=&#8221;Purificador de Biog\u00e1s&#8221; font_container=&#8221;tag:h4|text_align:center&#8221; use_theme_fonts=&#8221;yes&#8221; link=&#8221;url:http%3A%2F%2Fjanuspergher.com.br%2Findex.php%2Fpurificador-de-biogas%2F|||&#8221;][vc_single_image image=&#8221;1860&#8243; img_size=&#8221;400&#215;250&#8243; alignment=&#8221;center&#8221; onclick=&#8221;custom_link&#8221; link=&#8221;https:\/\/www.schulz.com.br\/pt_BR\/produtos\/ver\/970.4364-0\/SG&#8221;][vc_column_text css=&#8221;.vc_custom_1738949712907{padding-top: 15px !important;padding-bottom: 15px !important;}&#8221;][\/vc_column_text][\/vc_column][vc_column width=&#8221;1\/3&#8243;][vc_custom_heading text=&#8221;Gerador de Nitrog\u00eanio&#8221; font_container=&#8221;tag:h4|text_align:center&#8221; use_theme_fonts=&#8221;yes&#8221; link=&#8221;url:https%3A%2F%2Fwww.schulz.com.br%2Fcategoria%2Fgeradores-de-nitrogenio%2F||target:%20_blank|&#8221;][vc_single_image image=&#8221;1821&#8243; img_size=&#8221;400 x 250&#8243; alignment=&#8221;center&#8221; onclick=&#8221;custom_link&#8221; img_link_target=&#8221;_blank&#8221; link=&#8221;https:\/\/www.schulz.com.br\/pt_BR\/produtos\/solucoes-em-gases?cat=Geradores+de+Nitrog%C3%AAnio&#8221;][vc_column_text css=&#8221;.vc_custom_1738949730342{padding-top: 15px !important;padding-bottom: 15px !important;}&#8221;][\/vc_column_text][\/vc_column][vc_column width=&#8221;1\/3&#8243;][vc_custom_heading text=&#8221;Gerador de Oxig\u00eanio&#8221; font_container=&#8221;tag:h4|text_align:center&#8221; use_theme_fonts=&#8221;yes&#8221; link=&#8221;url:http%3A%2F%2Fjanuspergher.com.br%2Findex.php%2Fgerador-de-oxigenio%2F|||&#8221;][vc_single_image image=&#8221;1875&#8243; img_size=&#8221;400 x 250&#8243; alignment=&#8221;center&#8221; onclick=&#8221;custom_link&#8221; link=&#8221;https:\/\/www.schulz.com.br\/pt_BR\/produtos\/solucoes-em-gases?cat=Geradores+de+Oxig%C3%AAnio&#8221;][vc_column_text css=&#8221;.vc_custom_1738949743446{padding-top: 15px !important;padding-bottom: 15px !important;}&#8221;][\/vc_column_text][\/vc_column][\/vc_row][vc_row type=&#8221;vc_default&#8221; css=&#8221;.vc_custom_1456317113503{margin-bottom: 0px !important;}&#8221;][vc_column width=&#8221;1\/2&#8243; css=&#8221;.vc_custom_1728316462781{margin-top: 60px !important;margin-right: 0px !important;margin-bottom: 0px !important;margin-left: 0px !important;border-top-width: 0px !important;border-right-width: 4px !important;border-bottom-width: 0px !important;border-left-width: 0px !important;padding-top: 0px !important;padding-right: 0px !important;padding-bottom: 0px !important;padding-left: 0px !important;border-left-color: rgba(0,0,0,0.1) !important;border-left-style: dotted !important;border-right-color: rgba(0,0,0,0.1) !important;border-right-style: dotted !important;border-top-color: rgba(0,0,0,0.1) !important;border-top-style: dotted !important;border-bottom-color: rgba(0,0,0,0.1) !important;border-bottom-style: dotted !important;}&#8221; offset=&#8221;vc_col-lg-6 vc_col-md-6 vc_col-xs-6&#8243;]<div class=\"ult-spacer spacer-69dca20ba0ca2\" data-id=\"69dca20ba0ca2\" data-height=\"45\" data-height-mobile=\"15\" data-height-tab=\"45\" data-height-tab-portrait=\"15\" data-height-mobile-landscape=\"15\" style=\"clear:both;display:block;\"><\/div>[\/vc_column][\/vc_row][vc_row][vc_column width=&#8221;1\/2&#8243;][vc_single_image image=&#8221;1382&#8243; img_size=&#8221;577 X 402&#8243; alignment=&#8221;center&#8221;][\/vc_column][vc_column width=&#8221;1\/2&#8243;]<div class=\"ult-content-box-container \" >\t\t<div class=\"ult-content-box\" style=\"background-color:#ffffff;box-shadow: px px px px #f7f7f7 none;padding-top:40px;padding-right:40px;padding-bottom:30px;padding-left:40px;min-height:370px;-webkit-transition: all 700ms ease;-moz-transition: all 700ms ease;-ms-transition: all 700ms ease;-o-transition: all 700ms ease;transition: all 700ms ease;\"  data-hover_bg_color=\"#ffffff\"  data-hover_box_shadow=\"none\"  data-hover_border_color=\"#ffffff\"     data-bg=\"#ffffff\" ><div class=\"standard-arrow list-divider\"><ul>\n<li>Venda e loca\u00e7\u00e3o de equipamentos separadores de gases.<\/li>\n<li>Consultoria de viabilidade econ\u00f4mica e financeira.<\/li>\n<li>Manuten\u00e7\u00e3o de equipamentos pr\u00f3prios e de terceiros operados pelo processo P.S.A.<\/li>\n<li>Assessoria para estudos de viabilidade t\u00e9cnica.<\/li>\n<li>Treinamento operacional.<\/li>\n<li>Revenda de pe\u00e7as para reposi\u00e7\u00e3o e manuten\u00e7\u00e3o dos equipamentos.<\/li>\n<\/ul>\n<\/div>\t\t<\/div><\/div>[\/vc_column][vc_column][vc_empty_space][vc_empty_space][vc_row_inner css=&#8221;.vc_custom_1591364141166{background-color: #ffffff !important;}&#8221;][vc_column_inner][vc_column_text css=&#8221;.vc_custom_1591364016036{background-color: #ffffff !important;}&#8221;]<\/p>\n<h2 style=\"text-align: center;\">Fa\u00e7a uma Cota\u00e7\u00e3o:<\/h2>\n<p>[\/vc_column_text][\/vc_column_inner][\/vc_row_inner][vc_row_inner css=&#8221;.vc_custom_1591363885343{padding-bottom: 40px !important;background-color: #ffffff !important;}&#8221;][vc_column_inner width=&#8221;1\/3&#8243;][vc_btn title=&#8221;Purificador de Biog\u00e1s&#8221; color=&#8221;green&#8221; size=&#8221;lg&#8221; align=&#8221;center&#8221; css_animation=&#8221;fadeIn&#8221; link=&#8221;url:https%3A%2F%2Fjanuspergher.com.br%2Findex.php%2Fpurificador-de-biogas%2F|||&#8221;][\/vc_column_inner][vc_column_inner width=&#8221;1\/3&#8243;][vc_btn title=&#8221;Gerador de Nitrog\u00eanio&#8221; color=&#8221;green&#8221; size=&#8221;lg&#8221; align=&#8221;center&#8221; css_animation=&#8221;fadeIn&#8221; link=&#8221;url:https%3A%2F%2Fjanuspergher.com.br%2Findex.php%2Fgerador-de-nitrogenio%2F|||&#8221;][\/vc_column_inner][vc_column_inner width=&#8221;1\/3&#8243;][vc_btn title=&#8221;Gerador de Oxig\u00eanio&#8221; color=&#8221;green&#8221; size=&#8221;lg&#8221; align=&#8221;center&#8221; css_animation=&#8221;fadeIn&#8221; link=&#8221;url:https%3A%2F%2Fjanuspergher.com.br%2Findex.php%2Fgerador-de-oxigenio%2F|||&#8221;][\/vc_column_inner][\/vc_row_inner][\/vc_column][\/vc_row][vc_row][vc_column][vc_empty_space height=&#8221;50px&#8221;][vc_empty_space height=&#8221;65px&#8221;][vc_column_text]<\/p>\n<h3 style=\"text-align: center;\">Nossos projetos de Biometano<\/h3>\n<p>[\/vc_column_text][vc_separator color=&#8221;custom&#8221; el_width=&#8221;20&#8243; accent_color=&#8221;#1b991d&#8221;][vc_row_inner][vc_column_inner width=&#8221;1\/3&#8243;][vc_custom_heading text=&#8221;Folhito Fertilizantes Org\u00e2nicos&#8221; font_container=&#8221;tag:h4|text_align:center&#8221; use_theme_fonts=&#8221;yes&#8221; link=&#8221;url:https%3A%2F%2Fjanuspergher.com.br%2Findex.php%2Fbiometano%2F|||&#8221;][vc_single_image image=&#8221;1721&#8243; img_size=&#8221;400&#215;250&#8243; alignment=&#8221;center&#8221; onclick=&#8221;custom_link&#8221; link=&#8221;https:\/\/januspergher.com.br\/index.php\/biometano\/&#8221;][vc_column_text css=&#8221;.vc_custom_1728316538220{padding-top: 15px !important;padding-bottom: 15px !important;}&#8221;]<\/p>\n<p style=\"text-align: left;\">A Folhito, produtora de fertilizantes org\u00e2nicos, est\u00e1 localizada no munic\u00edpio de Estrela, regi\u00e3o do Vale do Taquari, no Rio Grande do Sul, possui experi\u00eancia na gera\u00e7\u00e3o de energia em modelo conjugado de compostagem e biodigest\u00e3o na fabrica\u00e7\u00e3o de fertilizantes org\u00e2nicos.<\/p>\n<p style=\"text-align: left;\"><strong>Dados da planta de Biog\u00e1s \/ Biometano:<\/strong><\/p>\n<p style=\"text-align: left;\"><strong>In\u00edcio da opera\u00e7\u00e3o: <\/strong>previsto para abril\/2022<\/p>\n<p style=\"text-align: left;\"><strong>Origem do res\u00edduo:<\/strong> res\u00edduos industriais e agropastoris<\/p>\n<p style=\"text-align: left;\"><strong>Aproveitamento do Biometano:<\/strong>\u00a0abastecimento da frota de ve\u00edculos da empresa<\/p>\n<p style=\"text-align: left;\"><strong>Produ\u00e7\u00e3o de Biog\u00e1s:<\/strong>\u00a0at\u00e9 600 m\u00b3\/h<\/p>\n<p style=\"text-align: left;\"><strong>Produ\u00e7\u00e3o de Biometano:<\/strong> aproximadamente 300 m\u00b3\/h<\/p>\n<p>[\/vc_column_text][\/vc_column_inner][vc_column_inner width=&#8221;1\/3&#8243;][vc_custom_heading text=&#8221;Rac Saneamento&#8221; font_container=&#8221;tag:h4|text_align:center&#8221; use_theme_fonts=&#8221;yes&#8221; link=&#8221;url:https%3A%2F%2Fjanuspergher.com.br%2Findex.php%2Fbiometano%2F|||&#8221;][vc_single_image image=&#8221;1722&#8243; img_size=&#8221;400 x 250&#8243; alignment=&#8221;center&#8221; onclick=&#8221;custom_link&#8221; link=&#8221;https:\/\/januspergher.com.br\/index.php\/biometano\/&#8221;][vc_column_text css=&#8221;.vc_custom_1728316602826{padding-top: 15px !important;padding-bottom: 15px !important;}&#8221;]<\/p>\n<p style=\"text-align: left;\">A RAC Saneamento e Tecnologia Ambiental, localizada no munic\u00edpio de I\u00e7ara em Santa Catarina, \u00e9 uma empresa especializada no gerenciamento de<strong>\u00a0res\u00edduos s\u00f3lidos urbanos (domiciliares e comerciais) e industriais Classe II (IIA e IIB).<\/strong><\/p>\n<p style=\"text-align: left;\"><strong>Dados da planta de Biog\u00e1s \/ Biometano:<\/strong><\/p>\n<p style=\"text-align: left;\"><strong>In\u00edcio da opera\u00e7\u00e3o: <\/strong>dezembro\/2020<\/p>\n<p style=\"text-align: left;\"><strong>Origem do res\u00edduo:<\/strong>\u00a0aterro sanit\u00e1rio<\/p>\n<p style=\"text-align: left;\"><strong>Aproveitamento do Biometano:<\/strong> abastecimento da frota de ve\u00edculos da empresa<\/p>\n<p style=\"text-align: left;\"><strong>Produ\u00e7\u00e3o de Biog\u00e1s ap\u00f3s a amplia\u00e7\u00e3o em:<\/strong>\u00a0at\u00e9 1000 m\u00b3\/h<\/p>\n<p style=\"text-align: left;\"><strong>Produ\u00e7\u00e3o de Biometano:<\/strong> aproximadamente 400 m\u00b3\/h<\/p>\n<p>[\/vc_column_text][\/vc_column_inner][vc_column_inner width=&#8221;1\/3&#8243;][vc_custom_heading text=&#8221;Univates \/ Nutribr\u00e1s&#8221; font_container=&#8221;tag:h4|text_align:center&#8221; use_theme_fonts=&#8221;yes&#8221; link=&#8221;url:https%3A%2F%2Fjanuspergher.com.br%2Findex.php%2Fbiometano%2F|||&#8221;][vc_single_image image=&#8221;1679&#8243; img_size=&#8221;400X250&#8243; alignment=&#8221;center&#8221; onclick=&#8221;custom_link&#8221; link=&#8221;https:\/\/januspergher.com.br\/index.php\/biometano\/&#8221;][vc_column_text css=&#8221;.vc_custom_1728316553584{padding-top: 15px !important;padding-bottom: 15px !important;}&#8221;]<\/p>\n<p style=\"text-align: left;\">A Universidade do Vale do Taquari, localizada na cidade de Lajeado, estado Rio Grande do Sul, adquiriu um pequeno purificador de biog\u00e1s, similar ao equipamento fornecido para a Embrapa Su\u00ednos e Aves, visando o desenvolvimento de pesquisas nos anos de 2018 a 2021, repassando o equipamento para estudos e testes na empresa Nutribr\u00e1s Alimentos, frigor\u00edfico localizado na cidade de Sorriso, estado do Mato Grosso.<\/p>\n<p style=\"text-align: left;\"><strong>Dados da planta de Biog\u00e1s \/ Biometano:<\/strong><\/p>\n<p style=\"text-align: left;\"><strong>In\u00edcio da opera\u00e7\u00e3o:<\/strong> outubro\/2018<\/p>\n<p style=\"text-align: left;\"><strong>Origem dos res\u00edduos<em>:<\/em><\/strong> dejetos de su\u00ednos com mix de biomassas locais<\/p>\n<p style=\"text-align: left;\"><strong>Aproveitamento do Biometano:<\/strong> desenvolvimento de pesquisas e abastecimento de ve\u00edculos para o atendimento da demanda externa da organiza\u00e7\u00e3o<\/p>\n<p style=\"text-align: left;\"><strong>Produ\u00e7\u00e3o de Biog\u00e1s<\/strong>:\u00a0at\u00e9 22m\u00b3\/h<\/p>\n<p style=\"text-align: left;\"><strong>Produ\u00e7\u00e3o de Biometano:<\/strong> aproximadamente 10 m\u00b3\/h<\/p>\n<p>[\/vc_column_text][\/vc_column_inner][vc_column_inner][vc_empty_space height=&#8221;50px&#8221;][vc_empty_space height=&#8221;50px&#8221;][vc_empty_space height=&#8221;50px&#8221;][\/vc_column_inner][\/vc_row_inner][\/vc_column][\/vc_row]<\/p>\n","protected":false},"excerpt":{"rendered":"<p>[vc_row margin_top=&#8221;-50PX&#8221; margin_bottom=&#8221;-50px&#8221; css=&#8221;.vc_custom_1648829600540{margin-bottom: -50px !important;}&#8221;][vc_column css=&#8221;.vc_custom_1648825743036{margin-top: 0px !important;border-top-width: 0px !important;padding-top: 0px !important;}&#8221;][\/vc_column][\/vc_row][vc_row type=&#8221;vc_default&#8221; margin_top=&#8221;-50&#8243; anchor=&#8221;about&#8221; css=&#8221;.vc_custom_1456317372164{margin-top: -50px !important;margin-bottom: 0px !important;}&#8221; el_id=&#8221;about&#8221;][vc_column width=&#8221;2\/3&#8243; offset=&#8221;vc_col-lg-offset-0 vc_col-lg-6 vc_col-md-offset-0 vc_col-md-6&#8243;][vc_column_text] Solu\u00e7\u00f5es em Gases Industriais, Medicinais, Biog\u00e1s e Biometano. [\/vc_column_text][vc_separator color=&#8221;custom&#8221; align=&#8221;align_left&#8221; el_width=&#8221;30&#8243; accent_color=&#8221;#1b991d&#8221;][vc_empty_space height=&#8221;10px&#8221;][\/vc_column][vc_column width=&#8221;1\/3&#8243; offset=&#8221;vc_col-lg-6 vc_col-md-6 vc_hidden-xs&#8221;][vc_empty_space height=&#8221;95px&#8221;][vc_empty_space height=&#8221;50px&#8221;][\/vc_column][\/vc_row][vc_row full_width=&#8221;stretch_row_content&#8221; css=&#8221;.vc_custom_1728316360810{margin-top: 30px !important;margin-right: 10px !important;margin-left: 10px !important;background-color:&hellip;<\/p>\n","protected":false},"author":2,"featured_media":0,"parent":0,"menu_order":10,"comment_status":"closed","ping_status":"closed","template":"template-microsite.php","meta":[],"_links":{"self":[{"href":"https:\/\/www.januspergher.com.br\/index.php\/wp-json\/wp\/v2\/pages\/490"}],"collection":[{"href":"https:\/\/www.januspergher.com.br\/index.php\/wp-json\/wp\/v2\/pages"}],"about":[{"href":"https:\/\/www.januspergher.com.br\/index.php\/wp-json\/wp\/v2\/types\/page"}],"author":[{"embeddable":true,"href":"https:\/\/www.januspergher.com.br\/index.php\/wp-json\/wp\/v2\/users\/2"}],"replies":[{"embeddable":true,"href":"https:\/\/www.januspergher.com.br\/index.php\/wp-json\/wp\/v2\/comments?post=490"}],"version-history":[{"count":134,"href":"https:\/\/www.januspergher.com.br\/index.php\/wp-json\/wp\/v2\/pages\/490\/revisions"}],"predecessor-version":[{"id":1896,"href":"https:\/\/www.januspergher.com.br\/index.php\/wp-json\/wp\/v2\/pages\/490\/revisions\/1896"}],"wp:attachment":[{"href":"https:\/\/www.januspergher.com.br\/index.php\/wp-json\/wp\/v2\/media?parent=490"}],"curies":[{"name":"wp","href":"https:\/\/api.w.org\/{rel}","templated":true}]}}